{"id":46,"date":"2022-12-12T12:46:18","date_gmt":"2022-12-12T11:46:18","guid":{"rendered":"http:\/\/leonberg-rechtsanwaelte.de\/wordpress\/?page_id=46"},"modified":"2024-01-02T16:07:50","modified_gmt":"2024-01-02T15:07:50","slug":"hinweise-zur-datenverarbeitung","status":"publish","type":"page","link":"https:\/\/leonberg-rechtsanwaelte.de\/wordpress\/hinweise-zur-datenverarbeitung\/","title":{"rendered":"Hinweise zur Datenverarbeitung"},"content":{"rendered":"<h2><span style=\"font-size: 18pt;\"><strong><big><big><big>Hinweise zur Datenverarbeitung<br \/>\n(Stand 25. Mai 2018)<\/big><\/big><\/big><\/strong><\/span><\/h2>\n<table style=\"width: 63.6422%;\">\n<tbody>\n<tr>\n<td style=\"width: 1.56425%;\">1.<\/td>\n<td style=\"width: 98.324%;\">\u00a0Name und Kontaktdaten des f\u00fcr die Verarbeitung Verantwortlichen\u00a0\u00a0 sowie des betrieblichen Datenschutzbeauftragten<\/td>\n<\/tr>\n<\/tbody>\n<\/table>\n<p>Diese Datenschutzhinweise gelten f\u00fcr die Datenverarbeitung durch:<br \/>\nRechtsanw\u00e4lte Hofacker, Schinle, Go\u00df &amp; Schmitt (im Folgenden: Rechtsanw\u00e4lte), R\u00f6merstr. 75, D-71229 Leonberg, Deutschland;<br \/>\nEmail:\u00a0 kanzlei@leonberg-rechtsanwaelte.de; Telefon: +49 (0)7152 30863;\u00a0 Fax: +49 (0)7152 30863<br \/>\nDer\/die betriebliche Datenschutzbeauftragte der Rechtsanw\u00e4lte ist unter der o. g. Anschrift, zu Hd. Herrn Hofacker, beziehungsweise unter kanzlei@leonberg-rechtsanwaelte.de erreichbar.<\/p>\n<table style=\"width: 53.6285%;\" border=\"0\" cellspacing=\"0\" cellpadding=\"0\">\n<tbody>\n<tr>\n<td style=\"width: 1.8543%;\">2.<\/td>\n<td style=\"width: 98.0132%;\">\u00a0Erhebung und Speicherung personenbezogener Daten sowie Art und Zweck und deren Verwendung<\/td>\n<\/tr>\n<\/tbody>\n<\/table>\n<p>Wenn Sie uns mandatieren, erheben wir folgende Informationen:<br \/>\n\u2022\u00a0\u00a0\u00a0 Anrede, Titel, Vorname, Nachname,<br \/>\n\u2022\u00a0\u00a0\u00a0 eine g\u00fcltige E-Mail-Adresse,<br \/>\n\u2022\u00a0\u00a0\u00a0 Anschrift,<br \/>\n\u2022\u00a0\u00a0\u00a0 Telefonnummer (Festnetz und\/oder Mobilfunk)<br \/>\n\u2022\u00a0\u00a0\u00a0 die Bankverbindung<br \/>\n\u2022\u00a0\u00a0\u00a0 Ihre Rechtsschutzversicherung (mit Versicherungs- und Schadennummer)<br \/>\n\u2022\u00a0\u00a0\u00a0 Informationen, die f\u00fcr die Geltendmachung und Verteidigung Ihrer Rechte im Rahmen des Mandats notwendig sind<\/p>\n<p>Die Erhebung dieser Daten erfolgt,<br \/>\n\u2022\u00a0\u00a0\u00a0 um Sie als unseren Mandanten identifizieren zu k\u00f6nnen;<br \/>\n\u2022\u00a0\u00a0\u00a0 um Sie angemessen anwaltlich beraten und vertreten zu k\u00f6nnen;<br \/>\n\u2022\u00a0\u00a0\u00a0 zur Korrespondenz mit Ihnen;<br \/>\n\u2022\u00a0\u00a0\u00a0 zur Rechnungsstellung;<br \/>\n\u2022\u00a0\u00a0\u00a0 zur Abwicklung von evtl. vorliegenden Haftungsanspr\u00fcchen sowie der Geltendmachung etwaiger Anspr\u00fcche gegen Sie.<\/p>\n<p>Die Datenverarbeitung erfolgt auf Ihre Anfrage hin und ist nach Art. 6 Abs. 1 S. 1 lit. b DSGVO zu den genannten Zwecken f\u00fcr die angemessene Bearbeitung des Mandats und f\u00fcr die beidseitige Erf\u00fcllung von Verpflichtungen aus dem Mandatsvertrag erforderlich.<\/p>\n<p>Die f\u00fcr die Mandatierung von uns erhobenen personenbezogenen Daten werden bis zum Ablauf der gesetzlichen Aufbewahrungspflicht f\u00fcr Anw\u00e4lte (6 Jahre nach Ablauf des Kalenderjahres, in dem das Mandat beendet wurde,) gespeichert und danach gel\u00f6scht, es sei denn, dass wir nach Artikel 6 Abs. 1 S. 1 lit. c DSGVO aufgrund von steuer- und handelsrechtlichen Aufbewahrungs- und Dokumentationspflichten (aus HGB, StGB oder AO) zu einer l\u00e4ngeren Speicherung verpflichtet sind oder Sie in eine dar\u00fcber hinausgehende Speicherung nach Art. 6 Abs. 1 S. 1 lit. a DSGVO eingewilligt haben.<\/p>\n<table>\n<tbody>\n<tr>\n<td>3.<\/td>\n<td>\u00a0Weitergabe von Daten an Dritte<\/td>\n<\/tr>\n<\/tbody>\n<\/table>\n<p>Eine \u00dcbermittlung Ihrer pers\u00f6nlichen Daten an Dritte zu anderen als den im Folgenden aufgef\u00fchrten Zwecken findet nicht statt.<br \/>\nSoweit dies nach Art. 6 Abs. 1 S. 1 lit. b DSGVO f\u00fcr die Abwicklung von Mandatsverh\u00e4ltnissen mit Ihnen erforderlich ist, werden Ihre personenbezogenen Daten an Dritte weitergegeben. Hierzu geh\u00f6rt insbesondere die Weitergabe an Verfahrensgegner und deren Vertreter (insbesondere deren Rechtsanw\u00e4lte) sowie Gerichte und andere \u00f6ffentliche Beh\u00f6rden zum Zwecke der Korrespondenz sowie zur Geltendmachung und Verteidigung Ihrer Rechte. Die weitergegebenen Daten d\u00fcrfen von dem Dritten ausschlie\u00dflich zu den genannten Zwecken verwendet werden.<br \/>\nDas Anwaltsgeheimnis bleibt unber\u00fchrt. Soweit es sich um Daten handelt, die dem Anwaltsgeheimnis unterliegen, erfolgt eine Weitergabe an Dritte nur in Absprache mit Ihnen.<\/p>\n<table style=\"width: 11.0527%;\">\n<tbody>\n<tr>\n<td style=\"width: 9.74026%;\">4.<\/td>\n<td style=\"width: 89.6104%;\">\u00a0Betroffenenrechte<\/td>\n<\/tr>\n<\/tbody>\n<\/table>\n<p>Sie haben das Recht:<\/p>\n<table>\n<tbody>\n<tr>\n<td>\n<ul>\n<li>gem\u00e4\u00df Art. 7 Abs. 3 DSGVO Ihre einmal erteilte Einwilligung jederzeit gegen\u00fcber uns zu widerrufen. Dies hat zur Folge, dass wir die Datenverarbeitung, die auf dieser Einwilligung beruhte, f\u00fcr die Zukunft nicht mehr fortf\u00fchren d\u00fcrfen;<\/li>\n<li>gem\u00e4\u00df Art. 15 DSGVO Auskunft \u00fcber Ihre von uns verarbeiteten personenbezogenen Daten zu verlangen. Insbesondere k\u00f6nnen Sie Auskunft \u00fcber die Verarbeitungszwecke, die Kategorie der personenbezogenen Daten, die Kategorien von Empf\u00e4ngern, gegen\u00fcber denen Ihre Daten offengelegt wurden oder werden, die geplante Speicherdauer, das Bestehen eines Rechts auf Berichtigung, L\u00f6schung, Einschr\u00e4nkung der Verarbeitung oder Widerspruch, das Bestehen eines Beschwerderechts, die Herkunft ihrer Daten, sofern diese nicht bei uns erhoben wurden, sowie \u00fcber das Bestehen einer automatisierten Entscheidungsfindung einschlie\u00dflich Profiling und ggf. aussagekr\u00e4ftigen Informationen zu deren Einzelheiten verlangen;<\/li>\n<li>gem\u00e4\u00df Art. 16 DSGVO unverz\u00fcglich die Berichtigung unrichtiger oder Vervollst\u00e4ndigung Ihrer bei uns gespeicherten personenbezogenen Daten zu verlangen;<\/li>\n<li>gem\u00e4\u00df Art. 17 DSGVO die L\u00f6schung Ihrer bei uns gespeicherten personenbezogenen Daten zu verlangen, soweit nicht die Verarbeitung zur Aus\u00fcbung des Rechts auf freie Meinungs\u00e4u\u00dferung und Information, zur Erf\u00fcllung einer rechtlichen Verpflichtung, aus Gr\u00fcnden des \u00f6ffentlichen Interesses oder zur Geltendmachung, Aus\u00fcbung oder Verteidigung von Rechtsanspr\u00fcchen erforderlich ist;<\/li>\n<li>gem\u00e4\u00df Art. 18 DSGVO die Einschr\u00e4nkung der Verarbeitung Ihrer personenbezogenen Daten zu verlangen, soweit die Richtigkeit der Daten von Ihnen bestritten wird, die Verarbeitung unrechtm\u00e4\u00dfig ist, Sie aber deren L\u00f6schung ablehnen und wir die Daten nicht mehr ben\u00f6tigen, Sie jedoch diese zur Geltendmachung, Aus\u00fcbung oder Verteidigung von Rechtsanspr\u00fcchen ben\u00f6tigen oder Sie gem\u00e4\u00df Art. 21 DSGVO Widerspruch gegen die Verarbeitung eingelegt haben;<\/li>\n<li>gem\u00e4\u00df Art. 20 DSGVO Ihre personenbezogenen Daten, die Sie uns bereitgestellt haben, in einem strukturierten, g\u00e4ngigen und maschinenlesebaren Format zu erhalten oder die \u00dcbermittlung an einen anderen Verantwortlichen zu verlangen und<\/li>\n<li>gem\u00e4\u00df Art. 77 DSGVO sich bei einer Aufsichtsbeh\u00f6rde zu beschweren. In der Regel k\u00f6nnen Sie sich hierf\u00fcr an die Aufsichtsbeh\u00f6rde Ihres \u00fcblichen Aufenthaltsortes oder Arbeitsplatzes oder unseres Kanzleisitzes wenden.<\/li>\n<\/ul>\n<\/td>\n<\/tr>\n<\/tbody>\n<\/table>\n<table>\n<tbody>\n<tr>\n<td>5.<\/td>\n<td>\u00a0Widerspruchsrecht<\/td>\n<\/tr>\n<\/tbody>\n<\/table>\n<p>Sofern Ihre personenbezogenen Daten auf Grundlage von berechtigten Interessen gem\u00e4\u00df Art. 6 Abs. 1 S. 1 lit. f DSGVO verarbeitet werden, haben Sie das Recht, gem\u00e4\u00df Art. 21 DSGVO Widerspruch gegen die Verarbeitung Ihrer personenbezogenen Daten einzulegen, soweit daf\u00fcr Gr\u00fcnde vorliegen, die sich aus Ihrer besonderen Situation ergeben.<br \/>\nM\u00f6chten Sie von Ihrem Widerspruchsrecht Gebrauch machen, gen\u00fcgt eine E-Mail an kanzlei@leonberg-rechtsanwaelte.de.<\/p>\n<p><big>Rechtsanw\u00e4lte Bialdyga &amp; Kollegen<br \/>\nR\u00f6merstr. 75<br \/>\nD-71229 Leonberg<br \/>\n<\/big><\/p>\n","protected":false},"excerpt":{"rendered":"<p>Hinweise zur Datenverarbeitung (Stand 25. Mai 2018) 1. \u00a0Name und Kontaktdaten des f\u00fcr die Verarbeitung Verantwortlichen\u00a0\u00a0 sowie des betrieblichen Datenschutzbeauftragten Diese Datenschutzhinweise gelten f\u00fcr die Datenverarbeitung durch: Rechtsanw\u00e4lte Hofacker, Schinle, Go\u00df &amp; Schmitt (im Folgenden: Rechtsanw\u00e4lte), R\u00f6merstr. 75, D-71229 Leonberg, Deutschland; Email:\u00a0 kanzlei@leonberg-rechtsanwaelte.de; Telefon: +49 (0)7152 30863;\u00a0 Fax: +49 (0)7152 30863 Der\/die betriebliche Datenschutzbeauftragte der&hellip; <br \/> <a class=\"button small blue\" href=\"https:\/\/leonberg-rechtsanwaelte.de\/wordpress\/hinweise-zur-datenverarbeitung\/\">Weiterlesen<\/a><\/p>\n","protected":false},"author":1,"featured_media":0,"parent":0,"menu_order":0,"comment_status":"closed","ping_status":"closed","template":"","meta":{"ub_ctt_via":"","footnotes":""},"class_list":["post-46","page","type-page","status-publish","hentry"],"featured_image_src":null,"yoast_head":"<!-- This site is optimized with the Yoast SEO plugin v21.7 - https:\/\/yoast.com\/wordpress\/plugins\/seo\/ -->\n<title>Hinweise zur Datenverarbeitung - Rechtsanw\u00e4lte in der R\u00f6mergalerie<\/title>\n<meta name=\"robots\" content=\"index, follow, max-snippet:-1, max-image-preview:large, max-video-preview:-1\" \/>\n<link rel=\"canonical\" href=\"https:\/\/leonberg-rechtsanwaelte.de\/wordpress\/hinweise-zur-datenverarbeitung\/\" \/>\n<meta property=\"og:locale\" content=\"de_DE\" \/>\n<meta property=\"og:type\" content=\"article\" \/>\n<meta property=\"og:title\" content=\"Hinweise zur Datenverarbeitung - Rechtsanw\u00e4lte in der R\u00f6mergalerie\" \/>\n<meta property=\"og:description\" content=\"Hinweise zur Datenverarbeitung (Stand 25. Mai 2018) 1. \u00a0Name und Kontaktdaten des f\u00fcr die Verarbeitung Verantwortlichen\u00a0\u00a0 sowie des betrieblichen Datenschutzbeauftragten Diese Datenschutzhinweise gelten f\u00fcr die Datenverarbeitung durch: Rechtsanw\u00e4lte Hofacker, Schinle, Go\u00df &amp; Schmitt (im Folgenden: Rechtsanw\u00e4lte), R\u00f6merstr. 75, D-71229 Leonberg, Deutschland; Email:\u00a0 kanzlei@leonberg-rechtsanwaelte.de; Telefon: +49 (0)7152 30863;\u00a0 Fax: +49 (0)7152 30863 Der\/die betriebliche Datenschutzbeauftragte der&hellip; Weiterlesen\" \/>\n<meta property=\"og:url\" content=\"https:\/\/leonberg-rechtsanwaelte.de\/wordpress\/hinweise-zur-datenverarbeitung\/\" \/>\n<meta property=\"og:site_name\" content=\"Rechtsanw\u00e4lte in der R\u00f6mergalerie\" \/>\n<meta property=\"article:modified_time\" content=\"2024-01-02T15:07:50+00:00\" \/>\n<meta name=\"twitter:card\" content=\"summary_large_image\" \/>\n<meta name=\"twitter:label1\" content=\"Gesch\u00e4tzte Lesezeit\" \/>\n\t<meta name=\"twitter:data1\" content=\"5\u00a0Minuten\" \/>\n<script type=\"application\/ld+json\" class=\"yoast-schema-graph\">{\"@context\":\"https:\/\/schema.org\",\"@graph\":[{\"@type\":\"WebPage\",\"@id\":\"https:\/\/leonberg-rechtsanwaelte.de\/wordpress\/hinweise-zur-datenverarbeitung\/\",\"url\":\"https:\/\/leonberg-rechtsanwaelte.de\/wordpress\/hinweise-zur-datenverarbeitung\/\",\"name\":\"Hinweise zur Datenverarbeitung - Rechtsanw\u00e4lte in der R\u00f6mergalerie\",\"isPartOf\":{\"@id\":\"https:\/\/leonberg-rechtsanwaelte.de\/wordpress\/#website\"},\"datePublished\":\"2022-12-12T11:46:18+00:00\",\"dateModified\":\"2024-01-02T15:07:50+00:00\",\"breadcrumb\":{\"@id\":\"https:\/\/leonberg-rechtsanwaelte.de\/wordpress\/hinweise-zur-datenverarbeitung\/#breadcrumb\"},\"inLanguage\":\"de\",\"potentialAction\":[{\"@type\":\"ReadAction\",\"target\":[\"https:\/\/leonberg-rechtsanwaelte.de\/wordpress\/hinweise-zur-datenverarbeitung\/\"]}]},{\"@type\":\"BreadcrumbList\",\"@id\":\"https:\/\/leonberg-rechtsanwaelte.de\/wordpress\/hinweise-zur-datenverarbeitung\/#breadcrumb\",\"itemListElement\":[{\"@type\":\"ListItem\",\"position\":1,\"name\":\"Startseite\",\"item\":\"https:\/\/leonberg-rechtsanwaelte.de\/wordpress\/\"},{\"@type\":\"ListItem\",\"position\":2,\"name\":\"Hinweise zur Datenverarbeitung\"}]},{\"@type\":\"WebSite\",\"@id\":\"https:\/\/leonberg-rechtsanwaelte.de\/wordpress\/#website\",\"url\":\"https:\/\/leonberg-rechtsanwaelte.de\/wordpress\/\",\"name\":\"leonberg-rechtsanwaelte.de\",\"description\":\"Rechtsanw\u00e4lte R\u00f6mergalerie Leonberg\",\"potentialAction\":[{\"@type\":\"SearchAction\",\"target\":{\"@type\":\"EntryPoint\",\"urlTemplate\":\"https:\/\/leonberg-rechtsanwaelte.de\/wordpress\/?s={search_term_string}\"},\"query-input\":\"required name=search_term_string\"}],\"inLanguage\":\"de\"}]}<\/script>\n<!-- \/ Yoast SEO plugin. -->","yoast_head_json":{"title":"Hinweise zur Datenverarbeitung - Rechtsanw\u00e4lte in der R\u00f6mergalerie","robots":{"index":"index","follow":"follow","max-snippet":"max-snippet:-1","max-image-preview":"max-image-preview:large","max-video-preview":"max-video-preview:-1"},"canonical":"https:\/\/leonberg-rechtsanwaelte.de\/wordpress\/hinweise-zur-datenverarbeitung\/","og_locale":"de_DE","og_type":"article","og_title":"Hinweise zur Datenverarbeitung - Rechtsanw\u00e4lte in der R\u00f6mergalerie","og_description":"Hinweise zur Datenverarbeitung (Stand 25. Mai 2018) 1. \u00a0Name und Kontaktdaten des f\u00fcr die Verarbeitung Verantwortlichen\u00a0\u00a0 sowie des betrieblichen Datenschutzbeauftragten Diese Datenschutzhinweise gelten f\u00fcr die Datenverarbeitung durch: Rechtsanw\u00e4lte Hofacker, Schinle, Go\u00df &amp; Schmitt (im Folgenden: Rechtsanw\u00e4lte), R\u00f6merstr. 75, D-71229 Leonberg, Deutschland; Email:\u00a0 kanzlei@leonberg-rechtsanwaelte.de; Telefon: +49 (0)7152 30863;\u00a0 Fax: +49 (0)7152 30863 Der\/die betriebliche Datenschutzbeauftragte der&hellip; Weiterlesen","og_url":"https:\/\/leonberg-rechtsanwaelte.de\/wordpress\/hinweise-zur-datenverarbeitung\/","og_site_name":"Rechtsanw\u00e4lte in der R\u00f6mergalerie","article_modified_time":"2024-01-02T15:07:50+00:00","twitter_card":"summary_large_image","twitter_misc":{"Gesch\u00e4tzte Lesezeit":"5\u00a0Minuten"},"schema":{"@context":"https:\/\/schema.org","@graph":[{"@type":"WebPage","@id":"https:\/\/leonberg-rechtsanwaelte.de\/wordpress\/hinweise-zur-datenverarbeitung\/","url":"https:\/\/leonberg-rechtsanwaelte.de\/wordpress\/hinweise-zur-datenverarbeitung\/","name":"Hinweise zur Datenverarbeitung - Rechtsanw\u00e4lte in der R\u00f6mergalerie","isPartOf":{"@id":"https:\/\/leonberg-rechtsanwaelte.de\/wordpress\/#website"},"datePublished":"2022-12-12T11:46:18+00:00","dateModified":"2024-01-02T15:07:50+00:00","breadcrumb":{"@id":"https:\/\/leonberg-rechtsanwaelte.de\/wordpress\/hinweise-zur-datenverarbeitung\/#breadcrumb"},"inLanguage":"de","potentialAction":[{"@type":"ReadAction","target":["https:\/\/leonberg-rechtsanwaelte.de\/wordpress\/hinweise-zur-datenverarbeitung\/"]}]},{"@type":"BreadcrumbList","@id":"https:\/\/leonberg-rechtsanwaelte.de\/wordpress\/hinweise-zur-datenverarbeitung\/#breadcrumb","itemListElement":[{"@type":"ListItem","position":1,"name":"Startseite","item":"https:\/\/leonberg-rechtsanwaelte.de\/wordpress\/"},{"@type":"ListItem","position":2,"name":"Hinweise zur Datenverarbeitung"}]},{"@type":"WebSite","@id":"https:\/\/leonberg-rechtsanwaelte.de\/wordpress\/#website","url":"https:\/\/leonberg-rechtsanwaelte.de\/wordpress\/","name":"leonberg-rechtsanwaelte.de","description":"Rechtsanw\u00e4lte R\u00f6mergalerie Leonberg","potentialAction":[{"@type":"SearchAction","target":{"@type":"EntryPoint","urlTemplate":"https:\/\/leonberg-rechtsanwaelte.de\/wordpress\/?s={search_term_string}"},"query-input":"required name=search_term_string"}],"inLanguage":"de"}]}},"_links":{"self":[{"href":"https:\/\/leonberg-rechtsanwaelte.de\/wordpress\/wp-json\/wp\/v2\/pages\/46","targetHints":{"allow":["GET"]}}],"collection":[{"href":"https:\/\/leonberg-rechtsanwaelte.de\/wordpress\/wp-json\/wp\/v2\/pages"}],"about":[{"href":"https:\/\/leonberg-rechtsanwaelte.de\/wordpress\/wp-json\/wp\/v2\/types\/page"}],"author":[{"embeddable":true,"href":"https:\/\/leonberg-rechtsanwaelte.de\/wordpress\/wp-json\/wp\/v2\/users\/1"}],"replies":[{"embeddable":true,"href":"https:\/\/leonberg-rechtsanwaelte.de\/wordpress\/wp-json\/wp\/v2\/comments?post=46"}],"version-history":[{"count":7,"href":"https:\/\/leonberg-rechtsanwaelte.de\/wordpress\/wp-json\/wp\/v2\/pages\/46\/revisions"}],"predecessor-version":[{"id":885,"href":"https:\/\/leonberg-rechtsanwaelte.de\/wordpress\/wp-json\/wp\/v2\/pages\/46\/revisions\/885"}],"wp:attachment":[{"href":"https:\/\/leonberg-rechtsanwaelte.de\/wordpress\/wp-json\/wp\/v2\/media?parent=46"}],"curies":[{"name":"wp","href":"https:\/\/api.w.org\/{rel}","templated":true}]}}